{"id":6203,"date":"2023-12-29T10:14:52","date_gmt":"2023-12-29T15:14:52","guid":{"rendered":"https:\/\/codebullsteam.com\/casos-de-estudio-2\/"},"modified":"2025-07-03T12:14:06","modified_gmt":"2025-07-03T17:14:06","slug":"casos-de-estudio","status":"publish","type":"page","link":"https:\/\/codebullsteam.com\/es\/casos-de-estudio\/","title":{"rendered":"Casos de Estudio"},"content":{"rendered":"\t\t<div data-elementor-type=\"wp-page\" data-elementor-id=\"6203\" class=\"elementor elementor-6203\" data-elementor-post-type=\"page\">\n\t\t\t\t<div class=\"elementor-element elementor-element-590ef53 e-con-full e-flex e-con e-parent\" data-id=\"590ef53\" data-element_type=\"container\" data-e-type=\"container\" data-settings=\"{&quot;background_background&quot;:&quot;classic&quot;}\">\n\t\t<div class=\"elementor-element elementor-element-5c3ce0e e-con-full e-flex e-con e-child\" data-id=\"5c3ce0e\" data-element_type=\"container\" data-e-type=\"container\">\n\t\t<div class=\"elementor-element elementor-element-68a2dcd e-flex e-con-boxed e-con e-child\" data-id=\"68a2dcd\" data-element_type=\"container\" data-e-type=\"container\">\n\t\t\t\t\t<div class=\"e-con-inner\">\n\t\t<div class=\"elementor-element elementor-element-66b47ea e-con-full e-flex e-con e-child\" data-id=\"66b47ea\" data-element_type=\"container\" data-e-type=\"container\">\n\t\t\t\t<div class=\"elementor-element elementor-element-4551629 elementor-widget elementor-widget-heading\" data-id=\"4551629\" data-element_type=\"widget\" data-e-type=\"widget\" data-widget_type=\"heading.default\">\n\t\t\t\t<div class=\"elementor-widget-container\">\n\t\t\t\t\t<h1 class=\"elementor-heading-title elementor-size-default\">Nuestros <span style=\"font-weight: 900;font-family: 'Montserrat',sans-serif\">Casos de Estudio<\/span><\/h1>\t\t\t\t<\/div>\n\t\t\t\t<\/div>\n\t\t\t\t<div class=\"elementor-element elementor-element-5a794af elementor-widget__width-initial elementor-widget elementor-widget-text-editor\" data-id=\"5a794af\" data-element_type=\"widget\" data-e-type=\"widget\" data-widget_type=\"text-editor.default\">\n\t\t\t\t<div class=\"elementor-widget-container\">\n\t\t\t\t\t\t\t\t\t<p>Descubre c\u00f3mo llegamos a los mejores resultados de la mano de nuestros clientes.<\/p>\n\t\t\t\t\t\t\t\t<\/div>\n\t\t\t\t<\/div>\n\t\t\t\t<\/div>\n\t\t<div class=\"elementor-element elementor-element-c848f7a e-con-full e-flex e-con e-child\" data-id=\"c848f7a\" data-element_type=\"container\" data-e-type=\"container\">\n\t\t\t\t<div class=\"elementor-element elementor-element-8495602 elementor-absolute elementor-widget__width-auto icon-text-path elementor-hidden-mobile elementor-hidden-tablet elementor-view-default elementor-widget elementor-widget-icon\" data-id=\"8495602\" data-element_type=\"widget\" data-e-type=\"widget\" data-settings=\"{&quot;_position&quot;:&quot;absolute&quot;}\" data-widget_type=\"icon.default\">\n\t\t\t\t<div class=\"elementor-widget-container\">\n\t\t\t\t\t\t\t<div class=\"elementor-icon-wrapper\">\n\t\t\t<div class=\"elementor-icon\">\n\t\t\t<svg xmlns=\"http:\/\/www.w3.org\/2000\/svg\" id=\"Layer_1\" data-name=\"Layer 1\" viewBox=\"0 0 13.7 10.5\"><path d=\"M3.7,2.6,1.1,5.2,3.7,7.9,3,8.6l-3-3V4.9l3-3Zm7-.7-.7.7,2.6,2.6L10,7.9l.7.7,3-3V4.9ZM3.9,10l.9.5,5-10L8.9,0Z\"><\/path><\/svg>\t\t\t<\/div>\n\t\t<\/div>\n\t\t\t\t\t\t<\/div>\n\t\t\t\t<\/div>\n\t\t\t\t<div class=\"elementor-element elementor-element-2f44eac elementor-absolute elementor-widget__width-auto icon-text-path-mobile elementor-hidden-desktop elementor-hidden-tablet elementor-widget-mobile__width-auto elementor-view-default elementor-widget elementor-widget-icon\" data-id=\"2f44eac\" data-element_type=\"widget\" data-e-type=\"widget\" data-settings=\"{&quot;_position&quot;:&quot;absolute&quot;}\" data-widget_type=\"icon.default\">\n\t\t\t\t<div class=\"elementor-widget-container\">\n\t\t\t\t\t\t\t<div class=\"elementor-icon-wrapper\">\n\t\t\t<div class=\"elementor-icon\">\n\t\t\t<svg xmlns=\"http:\/\/www.w3.org\/2000\/svg\" id=\"Layer_1\" data-name=\"Layer 1\" viewBox=\"0 0 13.7 10.5\"><path d=\"M3.7,2.6,1.1,5.2,3.7,7.9,3,8.6l-3-3V4.9l3-3Zm7-.7-.7.7,2.6,2.6L10,7.9l.7.7,3-3V4.9ZM3.9,10l.9.5,5-10L8.9,0Z\"><\/path><\/svg>\t\t\t<\/div>\n\t\t<\/div>\n\t\t\t\t\t\t<\/div>\n\t\t\t\t<\/div>\n\t\t\t\t<div class=\"elementor-element elementor-element-032b8f5 circle-path rotate elementor-hidden-tablet elementor-widget elementor-widget-text-path\" data-id=\"032b8f5\" data-element_type=\"widget\" data-e-type=\"widget\" data-settings=\"{&quot;text&quot;:&quot;NUESTROS CASOS - DE - ESTUDIO - &quot;,&quot;align&quot;:&quot;right&quot;,&quot;link&quot;:{&quot;url&quot;:&quot;&quot;,&quot;is_external&quot;:&quot;&quot;,&quot;nofollow&quot;:&quot;&quot;,&quot;custom_attributes&quot;:&quot;&quot;},&quot;start_point&quot;:{&quot;unit&quot;:&quot;%&quot;,&quot;size&quot;:0,&quot;sizes&quot;:[]}}\" data-widget_type=\"text-path.default\">\n\t\t\t\t<div class=\"elementor-widget-container\">\n\t\t\t\t\t\t\t<div class=\"e-text-path\" data-text=\"NUESTROS CASOS - DE - ESTUDIO - \" data-url=\"\/\/codebullsteam.com\/wp-content\/plugins\/elementor\/assets\/svg-paths\/circle.svg\" data-link-url=\"\"><\/div>\n\t\t\t\t\t\t<\/div>\n\t\t\t\t<\/div>\n\t\t\t\t<div class=\"elementor-element elementor-element-96f5217 elementor-hidden-mobile elementor-widget elementor-widget-spacer\" data-id=\"96f5217\" data-element_type=\"widget\" data-e-type=\"widget\" data-widget_type=\"spacer.default\">\n\t\t\t\t<div class=\"elementor-widget-container\">\n\t\t\t\t\t\t\t<div class=\"elementor-spacer\">\n\t\t\t<div class=\"elementor-spacer-inner\"><\/div>\n\t\t<\/div>\n\t\t\t\t\t\t<\/div>\n\t\t\t\t<\/div>\n\t\t\t\t<\/div>\n\t\t\t\t\t<\/div>\n\t\t\t\t<\/div>\n\t\t\t\t<\/div>\n\t\t\t\t<\/div>\n\t\t<div class=\"elementor-element elementor-element-2c9a339 e-flex e-con-boxed e-con e-parent\" data-id=\"2c9a339\" data-element_type=\"container\" data-e-type=\"container\" data-settings=\"{&quot;background_background&quot;:&quot;classic&quot;}\">\n\t\t\t\t\t<div class=\"e-con-inner\">\n\t\t<div class=\"elementor-element elementor-element-a336eff e-flex e-con-boxed e-con e-child\" data-id=\"a336eff\" data-element_type=\"container\" data-e-type=\"container\" data-settings=\"{&quot;background_background&quot;:&quot;classic&quot;}\">\n\t\t\t\t\t<div class=\"e-con-inner\">\n\t\t\t\t<div class=\"elementor-element elementor-element-cd33308 elementor-widget elementor-widget-heading\" data-id=\"cd33308\" data-element_type=\"widget\" data-e-type=\"widget\" data-widget_type=\"heading.default\">\n\t\t\t\t<div class=\"elementor-widget-container\">\n\t\t\t\t\t<h2 class=\"elementor-heading-title elementor-size-default\">Explora. Fascinate.  <span style=\"font-weight: 900;font-family: 'Montserrat',sans-serif\">Ad\u00e9ntrate.<\/span><\/h2>\t\t\t\t<\/div>\n\t\t\t\t<\/div>\n\t\t\t\t\t<\/div>\n\t\t\t\t<\/div>\n\t\t\t\t\t<\/div>\n\t\t\t\t<\/div>\n\t\t<div class=\"elementor-element elementor-element-2e63d97 blog-archive e-flex e-con-boxed e-con e-parent\" data-id=\"2e63d97\" data-element_type=\"container\" data-e-type=\"container\" data-settings=\"{&quot;background_background&quot;:&quot;classic&quot;}\">\n\t\t\t\t\t<div class=\"e-con-inner\">\n\t\t\t\t<div class=\"elementor-element elementor-element-c757037 uael-post__link-complete-yes uael-equal__height-yes uael-posts-thumbnail-ratio uael-post__content-align-left elementor-widget elementor-widget-uael-posts\" data-id=\"c757037\" data-element_type=\"widget\" data-e-type=\"widget\" data-settings=\"{&quot;business_slides_to_show&quot;:2,&quot;business_slides_to_show_tablet&quot;:1}\" data-widget_type=\"uael-posts.business\">\n\t\t\t\t<div class=\"elementor-widget-container\">\n\t\t\t\t\t\t\t<div class=\"uael-post__header\">\n\t\t\t\t\t<\/div>\n\t\t<div class=\"uael-post__body\">\n\t\t\t\n\t\t\n\t\t<div class=\"uael-blog-terms-position-above_content uael-post-image-top uael-post-grid uael-posts\" data-query-type=\"custom\" data-structure=\"normal\" data-layout=\"\" data-page=\"6203\" data-skin=\"business\" data-filter-default=\"\" data-offset-top=\"30\" >\n\n\t\t\t\t\t\t\t<div class=\"uael-post-grid__inner uael-post__columns-2 uael-post__columns-tablet-1 uael-post__columns-mobile-\">\n\t\t\t\n\n<div class=\"uael-post-wrapper   caso-de-estudio \">\n\t<div class=\"uael-post__bg-wrap uael-bg-wrap-disabled\">\n\n\t\t\t\t\t<a href=\"https:\/\/codebullsteam.com\/es\/greensouls\/\" target=\"_self\" class=\"uael-post__complete-box-overlay\" aria-label=\"Caja de enlace completa\"><\/a>\n\t\t\t\t\n\t\t<div class=\"uael-post__inner-wrap uael-inner-wrap-disabled\">\n\n\t\t\t\t<div class=\"uael-post__thumbnail\">\n\t\t\t\n\t\t\t<a href=\"https:\/\/codebullsteam.com\/es\/greensouls\/\" target=\"_self\" title=\"GreenSouls\"><img decoding=\"async\" src=\"https:\/\/codebullsteam.com\/wp-content\/uploads\/2024\/01\/GreenSouls-cover.jpg\" title=\"GreenSouls-cover\" alt=\"GreenSouls cover\" loading=\"lazy\" \/><\/a>\n\t\t\t\t\t<\/div>\n\t\t\n\t\t\t\n\t\t\t<div class=\"uael-post__content-wrap uael-content-wrap-disabled\">\n\t\t\t\t\t\t\t\t\t<div class=\"uael-post__terms-wrap\"><span class=\"uael-post__terms\"><a href=\"https:\/\/codebullsteam.com\/es\/tag\/desarrollo-de-ecommerce\/\" class=\"uael-listing__terms-link\" id=\"uael-post-term-desarrollo-de-ecommerce\" aria-labelledby=\"uael-post-term-desarrollo-de-ecommerce\">Desarrollo de Ecommerce<\/a><a href=\"https:\/\/codebullsteam.com\/es\/tag\/desarrollos-personalizados\/\" class=\"uael-listing__terms-link\" id=\"uael-post-term-desarrollos-personalizados\" aria-labelledby=\"uael-post-term-desarrollos-personalizados\">Desarrollos Personalizados<\/a><\/span><\/div>\n\t\t\t\t\t\t\t<h2 class=\"uael-post__title\">\n\n\t\t\n\t\t\t\t\t\t<a href=\"https:\/\/codebullsteam.com\/es\/greensouls\/\" target=\"_self\">\n\t\t\t\tGreenSouls\t\t\t<\/a>\n\n\t\t\t\t<\/h2>\n\t\t\t\t\t<div class=\"uael-post__meta-data\">\n\t\t\t\t\t<\/div>\n\t\t<div class=\"uael-post__separator-wrap\"><div class=\"uael-post__separator uael-post__gradient-separator\"><\/div><\/div>\n\t\t<div class=\"uael-post__excerpt\">\n\t\t\t<p style=\"font-family: Montserrat;margin-bottom: 1rem\">GREEN ACTIONS FOR A BLUER PLANET<\/p> Desde hace unos meses GreenSouls viene en un gran crecimiento en Colombia, gracias a sus maravillosas actividades como la liberaci\u00f3n de especies o la limpieza de playas, las cuales han conectado con muchas personas que quieren sumarse a estas labores.\t\t<\/div>\n\n\t\t\t\t\t<a class=\"uael-post__read-more elementor-button\" href=\"https:\/\/codebullsteam.com\/es\/greensouls\/\" target=\"_self\" aria-labelledby=\"uael-post-5092\">\n\t\t\t\t\t<span class=\"elementor-button-content-wrapper\">\n\t\t\t\t\t\t\t\t\t\t\t\t\t\t<span class=\"elementor-button-icon elementor-align-icon-right\">\n\n\t\t\t\t\t\t\t\t\t\n\t\t\t\t\t\t\t\t<\/span>\n\t\t\t\t\t\t\t\t\t\t\t\t\t\n\t\t\t\t\t\t<span class=\"elementor-button-text\" id=uael-post-5092>Ver caso de estudio<\/span>\n\t\t\t\t\t<\/span>\n\t\t\t\t<\/a>\n\t\t\t\t\t\t<\/div>\n\t\t\t\n\t\t<\/div>\n\t\t\n\t<\/div>\n\n<\/div>\n\n\n<div class=\"uael-post-wrapper   caso-de-estudio \">\n\t<div class=\"uael-post__bg-wrap uael-bg-wrap-disabled\">\n\n\t\t\t\t\t<a href=\"https:\/\/codebullsteam.com\/es\/eteka\/\" target=\"_self\" class=\"uael-post__complete-box-overlay\" aria-label=\"Caja de enlace completa\"><\/a>\n\t\t\t\t\n\t\t<div class=\"uael-post__inner-wrap uael-inner-wrap-disabled\">\n\n\t\t\t\t<div class=\"uael-post__thumbnail\">\n\t\t\t\n\t\t\t<a href=\"https:\/\/codebullsteam.com\/es\/eteka\/\" target=\"_self\" title=\"\u00c9TEKA\"><img decoding=\"async\" src=\"https:\/\/codebullsteam.com\/wp-content\/uploads\/2024\/01\/logo-eteka-cover.png\" title=\"logo-eteka-cover\" alt=\"Portada del caso de estudio de \u00c9TEKA\" loading=\"lazy\" \/><\/a>\n\t\t\t\t\t<\/div>\n\t\t\n\t\t\t\n\t\t\t<div class=\"uael-post__content-wrap uael-content-wrap-disabled\">\n\t\t\t\t\t\t\t\t\t<div class=\"uael-post__terms-wrap\"><span class=\"uael-post__terms\"><a href=\"https:\/\/codebullsteam.com\/es\/tag\/desarrollos-personalizados\/\" class=\"uael-listing__terms-link\" id=\"uael-post-term-desarrollos-personalizados\" aria-labelledby=\"uael-post-term-desarrollos-personalizados\">Desarrollos Personalizados<\/a><a href=\"https:\/\/codebullsteam.com\/es\/tag\/soporte-evolutivo\/\" class=\"uael-listing__terms-link\" id=\"uael-post-term-soporte-evolutivo\" aria-labelledby=\"uael-post-term-soporte-evolutivo\">Soporte Evolutivo<\/a><\/span><\/div>\n\t\t\t\t\t\t\t<h2 class=\"uael-post__title\">\n\n\t\t\n\t\t\t\t\t\t<a href=\"https:\/\/codebullsteam.com\/es\/eteka\/\" target=\"_self\">\n\t\t\t\t\u00c9TEKA\t\t\t<\/a>\n\n\t\t\t\t<\/h2>\n\t\t\t\t\t<div class=\"uael-post__meta-data\">\n\t\t\t\t\t<\/div>\n\t\t<div class=\"uael-post__separator-wrap\"><div class=\"uael-post__separator uael-post__gradient-separator\"><\/div><\/div>\n\t\t<div class=\"uael-post__excerpt\">\n\t\t\t<p style=\"font-family: Montserrat;margin-bottom: 1rem\">ETEKA BOUTIQUE &amp; SLOW BEACH LOUNGE<\/p> \u00c9TEKA es uno de nuestros clientes m\u00e1s felices, a d\u00eda de hoy llevamos alrededor de 2 a\u00f1os trabajando juntos y todo ha sido un \u00e9xito. La comunicaci\u00f3n entre ambas partes ha sido maravillosa, lo cual nos ha llevado a realizar proyectos exitosos juntos que han traido muchos m\u00e1s clientes para ellos.\t\t<\/div>\n\n\t\t\t\t\t<a class=\"uael-post__read-more elementor-button\" href=\"https:\/\/codebullsteam.com\/es\/eteka\/\" target=\"_self\" aria-labelledby=\"uael-post-5000\">\n\t\t\t\t\t<span class=\"elementor-button-content-wrapper\">\n\t\t\t\t\t\t\t\t\t\t\t\t\t\t<span class=\"elementor-button-icon elementor-align-icon-right\">\n\n\t\t\t\t\t\t\t\t\t\n\t\t\t\t\t\t\t\t<\/span>\n\t\t\t\t\t\t\t\t\t\t\t\t\t\n\t\t\t\t\t\t<span class=\"elementor-button-text\" id=uael-post-5000>Ver caso de estudio<\/span>\n\t\t\t\t\t<\/span>\n\t\t\t\t<\/a>\n\t\t\t\t\t\t<\/div>\n\t\t\t\n\t\t<\/div>\n\t\t\n\t<\/div>\n\n<\/div>\n\n\n<div class=\"uael-post-wrapper   caso-de-estudio \">\n\t<div class=\"uael-post__bg-wrap uael-bg-wrap-disabled\">\n\n\t\t\t\t\t<a href=\"https:\/\/codebullsteam.com\/es\/edunext\/\" target=\"_self\" class=\"uael-post__complete-box-overlay\" aria-label=\"Caja de enlace completa\"><\/a>\n\t\t\t\t\n\t\t<div class=\"uael-post__inner-wrap uael-inner-wrap-disabled\">\n\n\t\t\t\t<div class=\"uael-post__thumbnail\">\n\t\t\t\n\t\t\t<a href=\"https:\/\/codebullsteam.com\/es\/edunext\/\" target=\"_self\" title=\"eduNEXT\"><img decoding=\"async\" src=\"https:\/\/codebullsteam.com\/wp-content\/uploads\/2023\/12\/logo-edunext-cover.png\" title=\"logo-edunext-cover\" alt=\"Portada del caso de estudio de eduNEXT\" loading=\"lazy\" \/><\/a>\n\t\t\t\t\t<\/div>\n\t\t\n\t\t\t\n\t\t\t<div class=\"uael-post__content-wrap uael-content-wrap-disabled\">\n\t\t\t\t\t\t\t\t\t<div class=\"uael-post__terms-wrap\"><span class=\"uael-post__terms\"><a href=\"https:\/\/codebullsteam.com\/es\/tag\/desarrollo-de-plugins\/\" class=\"uael-listing__terms-link\" id=\"uael-post-term-desarrollo-de-plugins\" aria-labelledby=\"uael-post-term-desarrollo-de-plugins\">Desarrollo de Plugins<\/a><a href=\"https:\/\/codebullsteam.com\/es\/tag\/wordpress-2\/\" class=\"uael-listing__terms-link\" id=\"uael-post-term-wordpress-2\" aria-labelledby=\"uael-post-term-wordpress-2\">WordPress<\/a><\/span><\/div>\n\t\t\t\t\t\t\t<h2 class=\"uael-post__title\">\n\n\t\t\n\t\t\t\t\t\t<a href=\"https:\/\/codebullsteam.com\/es\/edunext\/\" target=\"_self\">\n\t\t\t\teduNEXT\t\t\t<\/a>\n\n\t\t\t\t<\/h2>\n\t\t\t\t\t<div class=\"uael-post__meta-data\">\n\t\t\t\t\t<\/div>\n\t\t<div class=\"uael-post__separator-wrap\"><div class=\"uael-post__separator uael-post__gradient-separator\"><\/div><\/div>\n\t\t<div class=\"uael-post__excerpt\">\n\t\t\t<p style=\"font-family: Montserrat;margin-bottom: 1rem\">OPEN EDX LEARNING MANAGEMENT SYSTEM (LMS)<\/p> En un mundo donde la educaci\u00f3n en l\u00ednea se ha vuelto esencial, nos encontramos ante un cliente cuya plataforma Open edX y su integraci\u00f3n con WooCommerce requer\u00edan una atenci\u00f3n especializada. El cliente ya utilizaba un plugin, pero el crecimiento de su plataforma y las cambiantes demandas del sistema necesitaban una soluci\u00f3n m\u00e1s robusta y adaptable.\t\t<\/div>\n\n\t\t\t\t\t<a class=\"uael-post__read-more elementor-button\" href=\"https:\/\/codebullsteam.com\/es\/edunext\/\" target=\"_self\" aria-labelledby=\"uael-post-4860\">\n\t\t\t\t\t<span class=\"elementor-button-content-wrapper\">\n\t\t\t\t\t\t\t\t\t\t\t\t\t\t<span class=\"elementor-button-icon elementor-align-icon-right\">\n\n\t\t\t\t\t\t\t\t\t\n\t\t\t\t\t\t\t\t<\/span>\n\t\t\t\t\t\t\t\t\t\t\t\t\t\n\t\t\t\t\t\t<span class=\"elementor-button-text\" id=uael-post-4860>Ver caso de estudio<\/span>\n\t\t\t\t\t<\/span>\n\t\t\t\t<\/a>\n\t\t\t\t\t\t<\/div>\n\t\t\t\n\t\t<\/div>\n\t\t\n\t<\/div>\n\n<\/div>\n\t\t\t\t<\/div>\n\t\t\t\t\t\t\n\t\t<\/div>\n\n\t\t\t\t\t\t<\/div>\n\t\t<div class=\"uael-post__footer\">\n\t\t\t\t\t<\/div>\n\t\t\t\t\t\t<\/div>\n\t\t\t\t<\/div>\n\t\t\t\t\t<\/div>\n\t\t\t\t<\/div>\n\t\t<div class=\"elementor-element elementor-element-4cedc72 e-flex e-con-boxed e-con e-parent\" data-id=\"4cedc72\" data-element_type=\"container\" data-e-type=\"container\" data-settings=\"{&quot;background_background&quot;:&quot;classic&quot;}\">\n\t\t\t\t\t<div class=\"e-con-inner\">\n\t\t<div class=\"elementor-element elementor-element-7d505cb e-flex e-con-boxed e-con e-child\" data-id=\"7d505cb\" data-element_type=\"container\" data-e-type=\"container\">\n\t\t\t\t\t<div class=\"e-con-inner\">\n\t\t\t\t<div class=\"elementor-element elementor-element-2a47403 elementor-widget elementor-widget-html\" data-id=\"2a47403\" data-element_type=\"widget\" data-e-type=\"widget\" data-widget_type=\"html.default\">\n\t\t\t\t<div class=\"elementor-widget-container\">\n\t\t\t\t\t<div class=\"klaviyo-form-XeeCRW\"><\/div>\t\t\t\t<\/div>\n\t\t\t\t<\/div>\n\t\t\t\t\t<\/div>\n\t\t\t\t<\/div>\n\t\t\t\t\t<\/div>\n\t\t\t\t<\/div>\n\t\t\t\t<\/div>\n\t\t","protected":false},"excerpt":{"rendered":"<p>Nuestros Casos de Estudio Descubre c\u00f3mo llegamos a los mejores resultados de la mano de nuestros clientes. Explora. Fascinate. Ad\u00e9ntrate. Custom DevelopmentsEcommerce Development GreenSouls GREEN ACTIONS FOR A BLUER PLANET Since a few months ago GreenSouls has been growing rapidly in Colombia, thanks to its wonderful activities such as the release of species or the [&hellip;]<\/p>\n","protected":false},"author":6,"featured_media":0,"parent":0,"menu_order":0,"comment_status":"closed","ping_status":"closed","template":"","meta":{"site-sidebar-layout":"no-sidebar","site-content-layout":null,"ast-site-content-layout":"full-width-container","site-content-style":"unboxed","site-sidebar-style":"unboxed","ast-global-header-display":"","ast-banner-title-visibility":"","ast-main-header-display":"","ast-hfb-above-header-display":"","ast-hfb-below-header-display":"","ast-hfb-mobile-header-display":"","site-post-title":"disabled","ast-breadcrumbs-content":"","ast-featured-img":"disabled","footer-sml-layout":"","ast-disable-related-posts":"","theme-transparent-header-meta":"","adv-header-id-meta":"","stick-header-meta":"","header-above-stick-meta":"","header-main-stick-meta":"","header-below-stick-meta":"","astra-migrate-meta-layouts":"set","ast-page-background-enabled":"default","ast-page-background-meta":{"desktop":{"background-color":"var(--ast-global-color-4)","background-image":"","background-repeat":"repeat","background-position":"center center","background-size":"auto","background-attachment":"scroll","background-type":"","background-media":"","overlay-type":"","overlay-color":"","overlay-opacity":"","overlay-gradient":""},"tablet":{"background-color":"","background-image":"","background-repeat":"repeat","background-position":"center center","background-size":"auto","background-attachment":"scroll","background-type":"","background-media":"","overlay-type":"","overlay-color":"","overlay-opacity":"","overlay-gradient":""},"mobile":{"background-color":"","background-image":"","background-repeat":"repeat","background-position":"center center","background-size":"auto","background-attachment":"scroll","background-type":"","background-media":"","overlay-type":"","overlay-color":"","overlay-opacity":"","overlay-gradient":""}},"ast-content-background-meta":{"desktop":{"background-color":"var(--ast-global-color-5)","background-image":"","background-repeat":"repeat","background-position":"center center","background-size":"auto","background-attachment":"scroll","background-type":"","background-media":"","overlay-type":"","overlay-color":"","overlay-opacity":"","overlay-gradient":""},"tablet":{"background-color":"var(--ast-global-color-5)","background-image":"","background-repeat":"repeat","background-position":"center center","background-size":"auto","background-attachment":"scroll","background-type":"","background-media":"","overlay-type":"","overlay-color":"","overlay-opacity":"","overlay-gradient":""},"mobile":{"background-color":"var(--ast-global-color-5)","background-image":"","background-repeat":"repeat","background-position":"center center","background-size":"auto","background-attachment":"scroll","background-type":"","background-media":"","overlay-type":"","overlay-color":"","overlay-opacity":"","overlay-gradient":""}},"_joinchat":[],"footnotes":""},"class_list":["post-6203","page","type-page","status-publish","hentry"],"_links":{"self":[{"href":"https:\/\/codebullsteam.com\/es\/wp-json\/wp\/v2\/pages\/6203","targetHints":{"allow":["GET"]}}],"collection":[{"href":"https:\/\/codebullsteam.com\/es\/wp-json\/wp\/v2\/pages"}],"about":[{"href":"https:\/\/codebullsteam.com\/es\/wp-json\/wp\/v2\/types\/page"}],"author":[{"embeddable":true,"href":"https:\/\/codebullsteam.com\/es\/wp-json\/wp\/v2\/users\/6"}],"replies":[{"embeddable":true,"href":"https:\/\/codebullsteam.com\/es\/wp-json\/wp\/v2\/comments?post=6203"}],"version-history":[{"count":14,"href":"https:\/\/codebullsteam.com\/es\/wp-json\/wp\/v2\/pages\/6203\/revisions"}],"predecessor-version":[{"id":8067,"href":"https:\/\/codebullsteam.com\/es\/wp-json\/wp\/v2\/pages\/6203\/revisions\/8067"}],"wp:attachment":[{"href":"https:\/\/codebullsteam.com\/es\/wp-json\/wp\/v2\/media?parent=6203"}],"curies":[{"name":"wp","href":"https:\/\/api.w.org\/{rel}","templated":true}]}}